{"id":1336,"date":"2023-02-20T10:00:13","date_gmt":"2023-02-20T10:00:13","guid":{"rendered":"http:\/\/ritter-reinhard.de\/wp\/?page_id=1336"},"modified":"2023-03-12T15:29:01","modified_gmt":"2023-03-12T15:29:01","slug":"termine-mit-probuddy","status":"publish","type":"page","link":"http:\/\/ritter-reinhard.de\/wp\/termine-mit-probuddy\/","title":{"rendered":"Termine mit ProBuddy"},"content":{"rendered":"<style>.kb-row-layout-wrap.wp-block-kadence-rowlayout.kb-row-layout-id_ef81e3-9d{margin-bottom:0px;}.kb-row-layout-id_ef81e3-9d > .kt-row-column-wrap{align-content:start;}:where(.kb-row-layout-id_ef81e3-9d > .kt-row-column-wrap) > .wp-block-kadence-column{justify-content:start;}.kb-row-layout-id_ef81e3-9d > .kt-row-column-wrap{column-gap:var(--global-kb-gap-md, 2rem);row-gap:var(--global-kb-gap-md, 2rem);max-width:var( --global-content-width, 1290px );padding-left:var(--global-content-edge-padding);padding-right:var(--global-content-edge-padding);padding-top:101px;padding-bottom:80px;grid-template-columns:minmax(0, 1fr);}.kb-row-layout-id_ef81e3-9d{background-image:url('http:\/\/ritter-reinhard.de\/wp\/wp-content\/uploads\/2023\/02\/pexels-thisisengineering-3912475-scaled.jpg');background-size:cover;background-position:49% 51%;background-attachment:scroll;background-repeat:no-repeat;}.kb-row-layout-id_ef81e3-9d > .kt-row-layout-overlay{opacity:0.60;background-color:var(--global-palette3, #1A202C);}@media all and (max-width: 1024px){.kb-row-layout-id_ef81e3-9d > .kt-row-column-wrap{grid-template-columns:minmax(0, 1fr);}}@media all and (max-width: 767px){.kb-row-layout-id_ef81e3-9d > .kt-row-column-wrap{grid-template-columns:minmax(0, 1fr);}}<\/style><div class=\"kb-row-layout-wrap kb-row-layout-id_ef81e3-9d aligncenter kt-row-has-bg wp-block-kadence-rowlayout\"><div class=\"kt-row-layout-overlay kt-row-overlay-normal\"><\/div><div class=\"kt-row-column-wrap kt-has-1-columns kt-row-layout-equal kt-tab-layout-inherit kt-mobile-layout-row kt-row-valign-top kb-theme-content-width\">\n<style>.kadence-column_cf0068-58 > .kt-inside-inner-col,.kadence-column_cf0068-58 > .kt-inside-inner-col:before{border-top-left-radius:0px;border-top-right-radius:0px;border-bottom-right-radius:0px;border-bottom-left-radius:0px;}.kadence-column_cf0068-58 > .kt-inside-inner-col{column-gap:var(--global-kb-gap-sm, 1rem);}.kadence-column_cf0068-58 > .kt-inside-inner-col{flex-direction:column;}.kadence-column_cf0068-58 > .kt-inside-inner-col > .aligncenter{width:100%;}.kadence-column_cf0068-58 > .kt-inside-inner-col:before{opacity:0.3;}.kadence-column_cf0068-58{position:relative;}@media all and (max-width: 1024px){.kadence-column_cf0068-58 > .kt-inside-inner-col{flex-direction:column;justify-content:center;}}@media all and (max-width: 767px){.kadence-column_cf0068-58 > .kt-inside-inner-col{flex-direction:column;justify-content:center;}}<\/style>\n<div class=\"wp-block-kadence-column kadence-column_cf0068-58 inner-column-1\"><div class=\"kt-inside-inner-col\"><style>.wp-block-kadence-advancedheading.kt-adv-heading_5d97a7-64, .wp-block-kadence-advancedheading.kt-adv-heading_5d97a7-64[data-kb-block=\"kb-adv-heading_5d97a7-64\"]{text-align:center;font-style:normal;}.wp-block-kadence-advancedheading.kt-adv-heading_5d97a7-64 mark.kt-highlight, .wp-block-kadence-advancedheading.kt-adv-heading_5d97a7-64[data-kb-block=\"kb-adv-heading_5d97a7-64\"] mark.kt-highlight{font-style:normal;color:#f76a0c;-webkit-box-decoration-break:clone;box-decoration-break:clone;padding-top:0px;padding-right:0px;padding-bottom:0px;padding-left:0px;}.wp-block-kadence-advancedheading.kt-adv-heading_5d97a7-64 img.kb-inline-image, .wp-block-kadence-advancedheading.kt-adv-heading_5d97a7-64[data-kb-block=\"kb-adv-heading_5d97a7-64\"] img.kb-inline-image{width:150px;vertical-align:baseline;}@media all and (max-width: 767px){.wp-block-kadence-advancedheading.kt-adv-heading_5d97a7-64, .wp-block-kadence-advancedheading.kt-adv-heading_5d97a7-64[data-kb-block=\"kb-adv-heading_5d97a7-64\"]{font-size:42px;}}<\/style>\n<h1 class=\"kt-adv-heading_5d97a7-64 wp-block-kadence-advancedheading has-theme-palette-9-color has-text-color\" data-kb-block=\"kb-adv-heading_5d97a7-64\">Termine mit ProBuddy<\/h1>\n\n\n<style>.wp-block-kadence-advancedheading.kt-adv-heading_b5968e-98, .wp-block-kadence-advancedheading.kt-adv-heading_b5968e-98[data-kb-block=\"kb-adv-heading_b5968e-98\"]{text-align:center;font-style:normal;}.wp-block-kadence-advancedheading.kt-adv-heading_b5968e-98 mark.kt-highlight, .wp-block-kadence-advancedheading.kt-adv-heading_b5968e-98[data-kb-block=\"kb-adv-heading_b5968e-98\"] mark.kt-highlight{font-style:normal;color:#f76a0c;-webkit-box-decoration-break:clone;box-decoration-break:clone;padding-top:0px;padding-right:0px;padding-bottom:0px;padding-left:0px;}.wp-block-kadence-advancedheading.kt-adv-heading_b5968e-98 img.kb-inline-image, .wp-block-kadence-advancedheading.kt-adv-heading_b5968e-98[data-kb-block=\"kb-adv-heading_b5968e-98\"] img.kb-inline-image{width:150px;vertical-align:baseline;}<\/style>\n<p class=\"kt-adv-heading_b5968e-98 wp-block-kadence-advancedheading has-theme-palette-9-color has-text-color\" data-kb-block=\"kb-adv-heading_b5968e-98\"><\/p>\n<\/div><\/div>\n\n<\/div><\/div>\n\n<style>.kb-row-layout-id_f31757-23 > .kt-row-column-wrap{align-content:start;}:where(.kb-row-layout-id_f31757-23 > .kt-row-column-wrap) > .wp-block-kadence-column{justify-content:start;}.kb-row-layout-id_f31757-23 > .kt-row-column-wrap{column-gap:var(--global-kb-gap-md, 2rem);row-gap:var(--global-kb-gap-md, 2rem);padding-top:0px;padding-bottom:30px;grid-template-columns:minmax(0, 1fr);}.kb-row-layout-id_f31757-23 > .kt-row-layout-overlay{opacity:0.30;}@media all and (max-width: 1024px){.kb-row-layout-id_f31757-23 > .kt-row-column-wrap{grid-template-columns:minmax(0, 1fr);}}@media all and (max-width: 767px){.kb-row-layout-id_f31757-23 > .kt-row-column-wrap{grid-template-columns:minmax(0, 1fr);}}<\/style><div class=\"kb-row-layout-wrap kb-row-layout-id_f31757-23 alignnone wp-block-kadence-rowlayout\"><div class=\"kt-row-column-wrap kt-has-1-columns kt-row-layout-equal kt-tab-layout-inherit kt-mobile-layout-row kt-row-valign-top\">\n<style>.kadence-column_8d7f1b-10 > .kt-inside-inner-col,.kadence-column_8d7f1b-10 > .kt-inside-inner-col:before{border-top-left-radius:0px;border-top-right-radius:0px;border-bottom-right-radius:0px;border-bottom-left-radius:0px;}.kadence-column_8d7f1b-10 > .kt-inside-inner-col{column-gap:var(--global-kb-gap-sm, 1rem);}.kadence-column_8d7f1b-10 > .kt-inside-inner-col{flex-direction:column;}.kadence-column_8d7f1b-10 > .kt-inside-inner-col > .aligncenter{width:100%;}.kadence-column_8d7f1b-10 > .kt-inside-inner-col:before{opacity:0.3;}.kadence-column_8d7f1b-10{position:relative;}@media all and (max-width: 1024px){.kadence-column_8d7f1b-10 > .kt-inside-inner-col{flex-direction:column;justify-content:center;}}@media all and (max-width: 767px){.kadence-column_8d7f1b-10 > .kt-inside-inner-col{flex-direction:column;justify-content:center;}}<\/style>\n<div class=\"wp-block-kadence-column kadence-column_8d7f1b-10 inner-column-1\"><div class=\"kt-inside-inner-col\"><\/div><\/div>\n\n<\/div><\/div>\n\n\n<p class=\"has-text-align-center\" style=\"padding-top:var(--wp--preset--spacing--50);padding-right:var(--wp--preset--spacing--50);padding-bottom:var(--wp--preset--spacing--50);padding-left:var(--wp--preset--spacing--50)\"><strong>Termine f\u00fcr Pistole, Gewehr, Luftdruck und Bogen m\u00fcssen im voraus gebucht werden.<br>Das kann am einfachsten \u00fcber die App &#8222;ProBuddy&#8220; gemacht werden.<\/strong><\/p>\n\n\n\n<h2 class=\"has-text-align-center has-theme-palette-2-background-color has-background wp-block-heading\" style=\"padding-top:var(--wp--preset--spacing--50);padding-right:var(--wp--preset--spacing--50);padding-bottom:var(--wp--preset--spacing--50);padding-left:var(--wp--preset--spacing--50)\">Wie kann ich mich anmelden?<\/h2>\n\n\n\n<div class=\"wp-block-columns is-layout-flex wp-container-core-columns-is-layout-9d6595d7 wp-block-columns-is-layout-flex\">\n<div class=\"wp-block-column is-layout-flow wp-block-column-is-layout-flow\" style=\"flex-basis:66.66%\">\n<p style=\"padding-top:var(--wp--preset--spacing--50);padding-right:var(--wp--preset--spacing--50);padding-bottom:var(--wp--preset--spacing--50);padding-left:var(--wp--preset--spacing--50)\">Schritt 1:<br>Lade dir die &#8222;ProBuddy&#8220; App auf dein Smartphone herunter. <br>(Mit einem Android Smartphone kannst du den nebenstehenden QR-Code scannen).<br><br>Schritt 2:<br>Folge den Anweisungen auf dem Bildschirm, um dich zu registrieren. Alternativ kannst du dich \u00fcber die <a rel=\"noreferrer noopener\" href=\"https:\/\/app.probuddy.de\/#\/auth\/start\" target=\"_blank\">Website<\/a> registrieren.<br><br>Schritt 3:<br>Gebe die Gruppen-ID ein und trage deinen Namen, Email-Adresse und dein Passwort ein.<br>Die Gruppen-ID erf\u00e4hrst du vom ersten Vorstand (E-Mail an vorstand@ritter-reinhard.de).<br>Du erh\u00e4ltst eine Email mit einem Link, den du anklicken musst.<\/p>\n<\/div>\n\n\n\n<div class=\"wp-block-column is-layout-flow wp-block-column-is-layout-flow\" style=\"flex-basis:33.33%\">\n<figure class=\"wp-block-image size-full\"><img loading=\"lazy\" decoding=\"async\" width=\"300\" height=\"300\" src=\"http:\/\/ritter-reinhard.de\/wp\/wp-content\/uploads\/2023\/02\/qr-code_Google_ProBuddy.png\" alt=\"\" class=\"wp-image-1339\" srcset=\"http:\/\/ritter-reinhard.de\/wp\/wp-content\/uploads\/2023\/02\/qr-code_Google_ProBuddy.png 300w, http:\/\/ritter-reinhard.de\/wp\/wp-content\/uploads\/2023\/02\/qr-code_Google_ProBuddy-150x150.png 150w\" sizes=\"auto, (max-width: 300px) 100vw, 300px\" \/><\/figure>\n<\/div>\n<\/div>\n\n\n\n<div class=\"wp-block-columns is-layout-flex wp-container-core-columns-is-layout-9d6595d7 wp-block-columns-is-layout-flex\">\n<div class=\"wp-block-column is-layout-flow wp-block-column-is-layout-flow\">\n<h2 class=\"has-text-align-center has-theme-palette-2-background-color has-background wp-block-heading\" style=\"padding-top:var(--wp--preset--spacing--50);padding-right:var(--wp--preset--spacing--50);padding-bottom:var(--wp--preset--spacing--50);padding-left:var(--wp--preset--spacing--50)\">ProBuddy Website<\/h2>\n\n\n\n<p style=\"padding-top:var(--wp--preset--spacing--50);padding-right:var(--wp--preset--spacing--50);padding-bottom:var(--wp--preset--spacing--50);padding-left:var(--wp--preset--spacing--50)\">Alternativ kannst du die <a href=\"https:\/\/app.probuddy.de\/#\/auth\/login\" target=\"_blank\" rel=\"noreferrer noopener\">ProBuddy Website<\/a> benutzen. Diese zeigt den gleichen Inhalt wie die Smartphone App.<\/p>\n<\/div>\n<\/div>\n\n\n\n<div class=\"wp-block-columns is-layout-flex wp-container-core-columns-is-layout-9d6595d7 wp-block-columns-is-layout-flex\">\n<div class=\"wp-block-column is-layout-flow wp-block-column-is-layout-flow\">\n<p><br><\/p>\n<\/div>\n<\/div>\n","protected":false},"excerpt":{"rendered":"<p>Termine mit ProBuddy Termine f\u00fcr Pistole, Gewehr, Luftdruck und Bogen m\u00fcssen im voraus gebucht werden.Das kann am einfachsten \u00fcber die App &#8222;ProBuddy&#8220; gemacht werden. Wie kann ich mich anmelden? Schritt&#8230;<\/p>\n","protected":false},"author":1,"featured_media":0,"parent":0,"menu_order":0,"comment_status":"closed","ping_status":"closed","template":"","meta":{"_EventAllDay":false,"_EventTimezone":"","_EventStartDate":"","_EventEndDate":"","_EventStartDateUTC":"","_EventEndDateUTC":"","_EventShowMap":false,"_EventShowMapLink":false,"_EventURL":"","_EventCost":"","_EventCostDescription":"","_EventCurrencySymbol":"","_EventCurrencyCode":"","_EventCurrencyPosition":"","_EventDateTimeSeparator":"","_EventTimeRangeSeparator":"","_EventOrganizerID":[],"_EventVenueID":[0],"_OrganizerEmail":"","_OrganizerPhone":"","_OrganizerWebsite":"","_VenueAddress":"","_VenueCity":"","_VenueCountry":"","_VenueProvince":"","_VenueState":"","_VenueZip":"","_VenuePhone":"","_VenueURL":"","_VenueStateProvince":"","_VenueLat":"","_VenueLng":"","_VenueShowMap":false,"_VenueShowMapLink":false,"_kadence_starter_templates_imported_post":false,"_kad_post_transparent":"default","_kad_post_title":"hide","_kad_post_layout":"fullwidth","_kad_post_sidebar_id":"","_kad_post_content_style":"unboxed","_kad_post_vertical_padding":"hide","_kad_post_feature":"hide","_kad_post_feature_position":"","_kad_post_header":false,"_kad_post_footer":false,"footnotes":""},"class_list":["post-1336","page","type-page","status-publish","hentry"],"_links":{"self":[{"href":"http:\/\/ritter-reinhard.de\/wp\/wp-json\/wp\/v2\/pages\/1336","targetHints":{"allow":["GET"]}}],"collection":[{"href":"http:\/\/ritter-reinhard.de\/wp\/wp-json\/wp\/v2\/pages"}],"about":[{"href":"http:\/\/ritter-reinhard.de\/wp\/wp-json\/wp\/v2\/types\/page"}],"author":[{"embeddable":true,"href":"http:\/\/ritter-reinhard.de\/wp\/wp-json\/wp\/v2\/users\/1"}],"replies":[{"embeddable":true,"href":"http:\/\/ritter-reinhard.de\/wp\/wp-json\/wp\/v2\/comments?post=1336"}],"version-history":[{"count":7,"href":"http:\/\/ritter-reinhard.de\/wp\/wp-json\/wp\/v2\/pages\/1336\/revisions"}],"predecessor-version":[{"id":1710,"href":"http:\/\/ritter-reinhard.de\/wp\/wp-json\/wp\/v2\/pages\/1336\/revisions\/1710"}],"wp:attachment":[{"href":"http:\/\/ritter-reinhard.de\/wp\/wp-json\/wp\/v2\/media?parent=1336"}],"curies":[{"name":"wp","href":"https:\/\/api.w.org\/{rel}","templated":true}]}}