{"id":1008,"date":"2023-01-22T16:08:13","date_gmt":"2023-01-22T16:08:13","guid":{"rendered":"http:\/\/ritter-reinhard.de\/wp\/?page_id=1008"},"modified":"2023-03-12T15:25:48","modified_gmt":"2023-03-12T15:25:48","slug":"historie","status":"publish","type":"page","link":"http:\/\/ritter-reinhard.de\/wp\/historie\/","title":{"rendered":"Historie"},"content":{"rendered":"<style>.kb-row-layout-wrap.wp-block-kadence-rowlayout.kb-row-layout-id_300a98-ea{margin-bottom:0px;}.kb-row-layout-id_300a98-ea > .kt-row-column-wrap{align-content:center;}:where(.kb-row-layout-id_300a98-ea > .kt-row-column-wrap) > .wp-block-kadence-column{justify-content:center;}.kb-row-layout-id_300a98-ea > .kt-row-column-wrap{column-gap:var(--global-kb-gap-md, 2rem);row-gap:var(--global-kb-gap-md, 2rem);max-width:var( --global-content-width, 1290px );padding-left:var(--global-content-edge-padding);padding-right:var(--global-content-edge-padding);padding-top:100px;padding-bottom:80px;grid-template-columns:minmax(0, 1fr);}.kb-row-layout-id_300a98-ea{background-image:url('http:\/\/ritter-reinhard.de\/wp\/wp-content\/uploads\/2023\/01\/pexels-emily-768125-scaled.jpg');background-size:cover;background-position:49% 51%;background-attachment:scroll;background-repeat:no-repeat;}.kb-row-layout-id_300a98-ea > .kt-row-layout-overlay{opacity:0.60;background-color:var(--global-palette3, #1A202C);}.kb-row-layout-id_300a98-ea .kt-row-layout-bottom-sep{height:100px;}.kb-row-layout-id_300a98-ea .kt-row-layout-bottom-sep svg{width:100%;}.kb-row-layout-id_300a98-ea .kt-row-layout-bottom-sep svg{fill:#ffffff!important;}@media all and (max-width: 1024px){.kb-row-layout-id_300a98-ea > .kt-row-column-wrap{grid-template-columns:minmax(0, 1fr);}}@media all and (max-width: 1024px){.kb-row-layout-id_300a98-ea .kt-row-layout-bottom-sep{height:px;}}@media all and (max-width: 1024px){.kb-row-layout-id_300a98-ea .kt-row-layout-bottom-sep svg{width:%;}}@media all and (max-width: 767px){.kb-row-layout-id_300a98-ea > .kt-row-column-wrap{grid-template-columns:minmax(0, 1fr);}.kb-row-layout-id_300a98-ea .kt-row-layout-bottom-sep{height:px;}.kb-row-layout-id_300a98-ea .kt-row-layout-bottom-sep svg{width:%;}}<\/style><div class=\"kb-row-layout-wrap kb-row-layout-id_300a98-ea alignnone kt-row-has-bg wp-block-kadence-rowlayout\"><div class=\"kt-row-layout-overlay kt-row-overlay-normal\"><\/div><div class=\"kt-row-column-wrap kt-has-1-columns kt-row-layout-equal kt-tab-layout-inherit kt-mobile-layout-row kt-row-valign-middle kb-theme-content-width\">\n<style>.kadence-column_5b65e5-46 > .kt-inside-inner-col,.kadence-column_5b65e5-46 > .kt-inside-inner-col:before{border-top-left-radius:0px;border-top-right-radius:0px;border-bottom-right-radius:0px;border-bottom-left-radius:0px;}.kadence-column_5b65e5-46 > .kt-inside-inner-col{column-gap:var(--global-kb-gap-sm, 1rem);}.kadence-column_5b65e5-46 > .kt-inside-inner-col{flex-direction:column;}.kadence-column_5b65e5-46 > .kt-inside-inner-col > .aligncenter{width:100%;}.kadence-column_5b65e5-46 > .kt-inside-inner-col:before{opacity:0.3;}.kadence-column_5b65e5-46{position:relative;}@media all and (max-width: 1024px){.kadence-column_5b65e5-46 > .kt-inside-inner-col{flex-direction:column;justify-content:center;}}@media all and (max-width: 767px){.kadence-column_5b65e5-46 > .kt-inside-inner-col{flex-direction:column;justify-content:center;}}<\/style>\n<div class=\"wp-block-kadence-column kadence-column_5b65e5-46 inner-column-1\"><div class=\"kt-inside-inner-col\"><style>.wp-block-kadence-advancedheading.kt-adv-heading_91b74f-f0, .wp-block-kadence-advancedheading.kt-adv-heading_91b74f-f0[data-kb-block=\"kb-adv-heading_91b74f-f0\"]{text-align:center;font-style:normal;}.wp-block-kadence-advancedheading.kt-adv-heading_91b74f-f0 mark.kt-highlight, .wp-block-kadence-advancedheading.kt-adv-heading_91b74f-f0[data-kb-block=\"kb-adv-heading_91b74f-f0\"] mark.kt-highlight{font-style:normal;color:#f76a0c;-webkit-box-decoration-break:clone;box-decoration-break:clone;padding-top:0px;padding-right:0px;padding-bottom:0px;padding-left:0px;}.wp-block-kadence-advancedheading.kt-adv-heading_91b74f-f0 img.kb-inline-image, .wp-block-kadence-advancedheading.kt-adv-heading_91b74f-f0[data-kb-block=\"kb-adv-heading_91b74f-f0\"] img.kb-inline-image{width:150px;vertical-align:baseline;}@media all and (max-width: 767px){.wp-block-kadence-advancedheading.kt-adv-heading_91b74f-f0, .wp-block-kadence-advancedheading.kt-adv-heading_91b74f-f0[data-kb-block=\"kb-adv-heading_91b74f-f0\"]{font-size:42px;}}<\/style>\n<h1 class=\"kt-adv-heading_91b74f-f0 wp-block-kadence-advancedheading has-theme-palette-9-color has-text-color\" data-kb-block=\"kb-adv-heading_91b74f-f0\">Unsere Geschichte<\/h1>\n\n\n<style>.wp-block-kadence-advancedheading.kt-adv-heading_3fe719-f2, .wp-block-kadence-advancedheading.kt-adv-heading_3fe719-f2[data-kb-block=\"kb-adv-heading_3fe719-f2\"]{text-align:center;font-style:normal;}.wp-block-kadence-advancedheading.kt-adv-heading_3fe719-f2 mark.kt-highlight, .wp-block-kadence-advancedheading.kt-adv-heading_3fe719-f2[data-kb-block=\"kb-adv-heading_3fe719-f2\"] mark.kt-highlight{font-style:normal;color:#f76a0c;-webkit-box-decoration-break:clone;box-decoration-break:clone;padding-top:0px;padding-right:0px;padding-bottom:0px;padding-left:0px;}.wp-block-kadence-advancedheading.kt-adv-heading_3fe719-f2 img.kb-inline-image, .wp-block-kadence-advancedheading.kt-adv-heading_3fe719-f2[data-kb-block=\"kb-adv-heading_3fe719-f2\"] img.kb-inline-image{width:150px;vertical-align:baseline;}<\/style>\n<p class=\"kt-adv-heading_3fe719-f2 wp-block-kadence-advancedheading has-theme-palette-9-color has-text-color\" data-kb-block=\"kb-adv-heading_3fe719-f2\">1954 bis heute &#8211; so lange gibt es uns schon!<br> Lesen Sie hier mehr zur Entstehungsgeschichte unseres Vereins.<\/p>\n<\/div><\/div>\n\n<\/div><\/div>\n\n\n<style>\n.timeline li {\n  list-style: none;\n  padding-bottom: 1.8rem !important;\n  border-left: 1px dotted #897B76;\n  position: relative;\n  padding-left: 20px !important;\n  margin-left: -10px !important;\n  margin-bottom: 0px !important;\n}\n\n.timeline li:last-child {\n  border: 0px;\n  padding-bottom: 0;\n  margin-bottom: 0px !important;\n}\n\n.timeline li:before {\n  content: '';\n  width: 15px;\n  height: 15px;\n  background: #467A5E;\n  box-shadow: 4px 4px 2px #ddd;\n  border-radius: 50%;\n  position: absolute;\n  left: -8px;\n  top: 0px;\n}\n\n.timeline li span {\n  margin-top: -6px;\n}\n<\/style>\n\n\n\n<ul class=\"timeline wp-block-list\" style=\"padding-top:var(--wp--preset--spacing--70);padding-right:var(--wp--preset--spacing--70);padding-bottom:var(--wp--preset--spacing--70);padding-left:var(--wp--preset--spacing--70)\">\n<li><strong><mark style=\"background-color:rgba(0, 0, 0, 0)\" class=\"has-inline-color has-theme-palette-1-color\">Es waren einmal 32 M\u00e4nner&#8230;<\/mark><\/strong><br>Am 13. November 1954 fanden sich 32 M\u00e4nner im <strong>Gasthaus zum Einsiedlerhof<\/strong> in Kappelwindeck zusammen und gr\u00fcndeten den Sch\u00fctzenverein &#8222;J\u00e4gerweg&#8220; B\u00fchl-Kappelwindeck. (Der Name wurde sp\u00e4ter in Sch\u00fctzenverein &#8222;Ritter Reinhard&#8220; e. V. umbenannt, weil bereits der Radfahrverein &#8222;J\u00e4gerweg&#8220; f\u00fcr sich in Anspruch nahm.)<br><\/li>\n\n\n\n<li><strong><mark style=\"background-color:rgba(0, 0, 0, 0)\" class=\"has-inline-color has-theme-palette-1-color\">Schie\u00dfsport, Vergn\u00fcgen &amp; Geselligkeit<\/mark><\/strong><br>Es war die Zeit des beginnenden Wiederaufbaus nach dem 2. Weltkrieg. Die Mitglieder einte das Interesse an einer <strong>Gemeinschaft<\/strong>, die ihnen Freude und Spa\u00df, Erholung und Entspannung am Schie\u00dfsport, Vergn\u00fcgen und Geselligkeit versprach. <br><br>Es waren Menschen am Werk, die in schweren Nachkriegszeiten gelernt hatten, zusammenzustehen, anzupacken und aufzubauen. Sie bauten sich ein Sch\u00fctzenhaus mit einer Kleinkaliber- und Luftgewehranlage in unwegsamem Gel\u00e4nde. Am 1. September <strong>1956<\/strong> wurde dann das Sch\u00fctzenhaus im Rahmen eines Festbanketts eingeweiht.<br><\/li>\n\n\n\n<li><strong><mark style=\"background-color:#ffffff\" class=\"has-inline-color has-theme-palette-1-color\">Pfeil &amp; Bogen<\/mark><\/strong><br>Gleichzeitig entwickelte sich in den nachfolgenden Jahren auch eine aktive Bogengruppe, die noch heute lebendiger Bestandteil der Kappelwindecker <strong>Sch\u00fctzenfamilie<\/strong> ist. Aus dem Geist der Zusammenarbeit und Zusammengeh\u00f6rigkeit erstand eine Gemeinschaft, die Geborgenheit und Entfaltung, Anerkennung und Wertsch\u00e4tzung bis heute bietet.<br><\/li>\n\n\n\n<li><strong><mark style=\"background-color:rgba(0, 0, 0, 0)\" class=\"has-inline-color has-theme-palette-1-color\">Pistolenanlage &amp; Luftgewehrraum<\/mark><\/strong><br>Aus diesen Kr\u00e4ften entstanden dann in engagierter Eigenarbeit auch eine Pistolenanlage mit Haus, die das Entstehen und den Aufstieg der Pistolendisziplinen begr\u00fcndete. 1976 wurde das alte Sch\u00fctzenhaus <strong>modernisiert<\/strong> und um einen Anbau f\u00fcr Luftdruckwaffen erweitert.<br><\/li>\n\n\n\n<li><strong><mark style=\"background-color:rgba(0, 0, 0, 0)\" class=\"has-inline-color has-theme-palette-1-color\">Engagement<\/mark><\/strong><br>Die <strong>Vielfalt <\/strong>an schie\u00dfsportlichen Disziplinen und das stetige <strong>Engagement<\/strong> seiner Mitglieder stellen den Reichtum unseres Vereins dar.<\/li>\n<\/ul>\n","protected":false},"excerpt":{"rendered":"<p>Unsere Geschichte 1954 bis heute &#8211; so lange gibt es uns schon! Lesen Sie hier mehr zur Entstehungsgeschichte unseres Vereins.<\/p>\n","protected":false},"author":1,"featured_media":0,"parent":0,"menu_order":0,"comment_status":"closed","ping_status":"closed","template":"","meta":{"_EventAllDay":false,"_EventTimezone":"","_EventStartDate":"","_EventEndDate":"","_EventStartDateUTC":"","_EventEndDateUTC":"","_EventShowMap":false,"_EventShowMapLink":false,"_EventURL":"","_EventCost":"","_EventCostDescription":"","_EventCurrencySymbol":"","_EventCurrencyCode":"","_EventCurrencyPosition":"","_EventDateTimeSeparator":"","_EventTimeRangeSeparator":"","_EventOrganizerID":[],"_EventVenueID":[0],"_OrganizerEmail":"","_OrganizerPhone":"","_OrganizerWebsite":"","_VenueAddress":"","_VenueCity":"","_VenueCountry":"","_VenueProvince":"","_VenueState":"","_VenueZip":"","_VenuePhone":"","_VenueURL":"","_VenueStateProvince":"","_VenueLat":"","_VenueLng":"","_VenueShowMap":false,"_VenueShowMapLink":false,"_kadence_starter_templates_imported_post":false,"_kad_post_transparent":"","_kad_post_title":"hide","_kad_post_layout":"fullwidth","_kad_post_sidebar_id":"","_kad_post_content_style":"unboxed","_kad_post_vertical_padding":"hide","_kad_post_feature":"hide","_kad_post_feature_position":"","_kad_post_header":false,"_kad_post_footer":false,"footnotes":""},"class_list":["post-1008","page","type-page","status-publish","hentry"],"_links":{"self":[{"href":"http:\/\/ritter-reinhard.de\/wp\/wp-json\/wp\/v2\/pages\/1008","targetHints":{"allow":["GET"]}}],"collection":[{"href":"http:\/\/ritter-reinhard.de\/wp\/wp-json\/wp\/v2\/pages"}],"about":[{"href":"http:\/\/ritter-reinhard.de\/wp\/wp-json\/wp\/v2\/types\/page"}],"author":[{"embeddable":true,"href":"http:\/\/ritter-reinhard.de\/wp\/wp-json\/wp\/v2\/users\/1"}],"replies":[{"embeddable":true,"href":"http:\/\/ritter-reinhard.de\/wp\/wp-json\/wp\/v2\/comments?post=1008"}],"version-history":[{"count":52,"href":"http:\/\/ritter-reinhard.de\/wp\/wp-json\/wp\/v2\/pages\/1008\/revisions"}],"predecessor-version":[{"id":1706,"href":"http:\/\/ritter-reinhard.de\/wp\/wp-json\/wp\/v2\/pages\/1008\/revisions\/1706"}],"wp:attachment":[{"href":"http:\/\/ritter-reinhard.de\/wp\/wp-json\/wp\/v2\/media?parent=1008"}],"curies":[{"name":"wp","href":"https:\/\/api.w.org\/{rel}","templated":true}]}}